{"id":12151,"date":"2023-02-03T10:18:29","date_gmt":"2023-02-03T10:18:29","guid":{"rendered":"https:\/\/wordpress.gesthispania.cloud\/home\/"},"modified":"2025-05-05T07:27:18","modified_gmt":"2025-05-05T07:27:18","slug":"home","status":"publish","type":"page","link":"https:\/\/gesthispania.com\/ca\/","title":{"rendered":"Home"},"content":{"rendered":"\n\n\n\n\n\n\n\n\n\n\n\n\n\n\n\n\n\n\n\n\n\n\n\n\n\n\n\n\n\n\n\n","protected":false},"excerpt":{"rendered":"","protected":false},"author":1,"featured_media":0,"parent":0,"menu_order":0,"comment_status":"closed","ping_status":"closed","template":"","meta":{"inline_featured_image":false,"footnotes":""},"class_list":["post-12151","page","type-page","status-publish","hentry"],"acf":[],"yoast_head":"<!-- This site is optimized with the Yoast SEO plugin v27.2 - https:\/\/yoast.com\/product\/yoast-seo-wordpress\/ -->\n<title>Home - Gesthispania<\/title>\n<meta name=\"description\" content=\"Gesthispania Som experts en serveis administratius de Gestoria de Vehicles i Gesti\u00f3 de Multes per al sector de la mobilitat. Les nostres solucions tecnol\u00f2giques i plataformes digitals personalitzades per a cada classe de client ajuden a optimitzar els processos, augmentar el nivell de control i incrementar l&#039;efici\u00e8ncia de la teva empresa. M\u00e9s de 20 anys d&#039;experi\u00e8ncia ens avalen en el nostre comprom\u00eds d&#039;innovaci\u00f3, transpar\u00e8ncia i qualitat amb el client.\" \/>\n<meta name=\"robots\" content=\"index, follow, max-snippet:-1, max-image-preview:large, max-video-preview:-1\" \/>\n<link rel=\"canonical\" href=\"https:\/\/gesthispania.com\/ca\/\" \/>\n<meta property=\"og:locale\" content=\"ca_ES\" \/>\n<meta property=\"og:type\" content=\"article\" \/>\n<meta property=\"og:title\" content=\"Home - Gesthispania\" \/>\n<meta property=\"og:description\" content=\"Gesthispania Som experts en serveis administratius de Gestoria de Vehicles i Gesti\u00f3 de Multes per al sector de la mobilitat. Les nostres solucions tecnol\u00f2giques i plataformes digitals personalitzades per a cada classe de client ajuden a optimitzar els processos, augmentar el nivell de control i incrementar l&#039;efici\u00e8ncia de la teva empresa. M\u00e9s de 20 anys d&#039;experi\u00e8ncia ens avalen en el nostre comprom\u00eds d&#039;innovaci\u00f3, transpar\u00e8ncia i qualitat amb el client.\" \/>\n<meta property=\"og:url\" content=\"https:\/\/gesthispania.com\/ca\/\" \/>\n<meta property=\"og:site_name\" content=\"Gesthispania\" \/>\n<meta property=\"article:modified_time\" content=\"2025-05-05T07:27:18+00:00\" \/>\n<meta name=\"twitter:card\" content=\"summary_large_image\" \/>\n<script type=\"application\/ld+json\" class=\"yoast-schema-graph\">{\"@context\":\"https:\/\/schema.org\",\"@graph\":[{\"@type\":\"WebPage\",\"@id\":\"https:\/\/gesthispania.com\/ca\/\",\"url\":\"https:\/\/gesthispania.com\/ca\/\",\"name\":\"Home - Gesthispania\",\"isPartOf\":{\"@id\":\"https:\/\/gesthispania.com\/ca\/#website\"},\"datePublished\":\"2023-02-03T10:18:29+00:00\",\"dateModified\":\"2025-05-05T07:27:18+00:00\",\"description\":\"Gesthispania Som experts en serveis administratius de Gestoria de Vehicles i Gesti\u00f3 de Multes per al sector de la mobilitat. Les nostres solucions tecnol\u00f2giques i plataformes digitals personalitzades per a cada classe de client ajuden a optimitzar els processos, augmentar el nivell de control i incrementar l'efici\u00e8ncia de la teva empresa. M\u00e9s de 20 anys d'experi\u00e8ncia ens avalen en el nostre comprom\u00eds d'innovaci\u00f3, transpar\u00e8ncia i qualitat amb el client.\",\"inLanguage\":\"ca\",\"potentialAction\":[{\"@type\":\"ReadAction\",\"target\":[\"https:\/\/gesthispania.com\/ca\/\"]}]},{\"@type\":\"WebSite\",\"@id\":\"https:\/\/gesthispania.com\/ca\/#website\",\"url\":\"https:\/\/gesthispania.com\/ca\/\",\"name\":\"Gesthispania\",\"description\":\"Sanciones de tr\u00e1fico y tr\u00e1mites de gestor\u00eda\",\"publisher\":{\"@id\":\"https:\/\/gesthispania.com\/ca\/#organization\"},\"potentialAction\":[{\"@type\":\"SearchAction\",\"target\":{\"@type\":\"EntryPoint\",\"urlTemplate\":\"https:\/\/gesthispania.com\/ca\/?s={search_term_string}\"},\"query-input\":{\"@type\":\"PropertyValueSpecification\",\"valueRequired\":true,\"valueName\":\"search_term_string\"}}],\"inLanguage\":\"ca\"},{\"@type\":\"Organization\",\"@id\":\"https:\/\/gesthispania.com\/ca\/#organization\",\"name\":\"Gesthispania\",\"url\":\"https:\/\/gesthispania.com\/ca\/\",\"logo\":{\"@type\":\"ImageObject\",\"inLanguage\":\"ca\",\"@id\":\"https:\/\/gesthispania.com\/ca\/#\/schema\/logo\/image\/\",\"url\":\"https:\/\/gesthispania.com\/wp-content\/uploads\/2023\/10\/Logo_horizontal_positivo.svg\",\"contentUrl\":\"https:\/\/gesthispania.com\/wp-content\/uploads\/2023\/10\/Logo_horizontal_positivo.svg\",\"caption\":\"Gesthispania\"},\"image\":{\"@id\":\"https:\/\/gesthispania.com\/ca\/#\/schema\/logo\/image\/\"}}]}<\/script>\n<!-- \/ Yoast SEO plugin. -->","yoast_head_json":{"title":"Home - Gesthispania","description":"Gesthispania Som experts en serveis administratius de Gestoria de Vehicles i Gesti\u00f3 de Multes per al sector de la mobilitat. Les nostres solucions tecnol\u00f2giques i plataformes digitals personalitzades per a cada classe de client ajuden a optimitzar els processos, augmentar el nivell de control i incrementar l'efici\u00e8ncia de la teva empresa. M\u00e9s de 20 anys d'experi\u00e8ncia ens avalen en el nostre comprom\u00eds d'innovaci\u00f3, transpar\u00e8ncia i qualitat amb el client.","robots":{"index":"index","follow":"follow","max-snippet":"max-snippet:-1","max-image-preview":"max-image-preview:large","max-video-preview":"max-video-preview:-1"},"canonical":"https:\/\/gesthispania.com\/ca\/","og_locale":"ca_ES","og_type":"article","og_title":"Home - Gesthispania","og_description":"Gesthispania Som experts en serveis administratius de Gestoria de Vehicles i Gesti\u00f3 de Multes per al sector de la mobilitat. Les nostres solucions tecnol\u00f2giques i plataformes digitals personalitzades per a cada classe de client ajuden a optimitzar els processos, augmentar el nivell de control i incrementar l'efici\u00e8ncia de la teva empresa. M\u00e9s de 20 anys d'experi\u00e8ncia ens avalen en el nostre comprom\u00eds d'innovaci\u00f3, transpar\u00e8ncia i qualitat amb el client.","og_url":"https:\/\/gesthispania.com\/ca\/","og_site_name":"Gesthispania","article_modified_time":"2025-05-05T07:27:18+00:00","twitter_card":"summary_large_image","schema":{"@context":"https:\/\/schema.org","@graph":[{"@type":"WebPage","@id":"https:\/\/gesthispania.com\/ca\/","url":"https:\/\/gesthispania.com\/ca\/","name":"Home - Gesthispania","isPartOf":{"@id":"https:\/\/gesthispania.com\/ca\/#website"},"datePublished":"2023-02-03T10:18:29+00:00","dateModified":"2025-05-05T07:27:18+00:00","description":"Gesthispania Som experts en serveis administratius de Gestoria de Vehicles i Gesti\u00f3 de Multes per al sector de la mobilitat. Les nostres solucions tecnol\u00f2giques i plataformes digitals personalitzades per a cada classe de client ajuden a optimitzar els processos, augmentar el nivell de control i incrementar l'efici\u00e8ncia de la teva empresa. M\u00e9s de 20 anys d'experi\u00e8ncia ens avalen en el nostre comprom\u00eds d'innovaci\u00f3, transpar\u00e8ncia i qualitat amb el client.","inLanguage":"ca","potentialAction":[{"@type":"ReadAction","target":["https:\/\/gesthispania.com\/ca\/"]}]},{"@type":"WebSite","@id":"https:\/\/gesthispania.com\/ca\/#website","url":"https:\/\/gesthispania.com\/ca\/","name":"Gesthispania","description":"Sanciones de tr\u00e1fico y tr\u00e1mites de gestor\u00eda","publisher":{"@id":"https:\/\/gesthispania.com\/ca\/#organization"},"potentialAction":[{"@type":"SearchAction","target":{"@type":"EntryPoint","urlTemplate":"https:\/\/gesthispania.com\/ca\/?s={search_term_string}"},"query-input":{"@type":"PropertyValueSpecification","valueRequired":true,"valueName":"search_term_string"}}],"inLanguage":"ca"},{"@type":"Organization","@id":"https:\/\/gesthispania.com\/ca\/#organization","name":"Gesthispania","url":"https:\/\/gesthispania.com\/ca\/","logo":{"@type":"ImageObject","inLanguage":"ca","@id":"https:\/\/gesthispania.com\/ca\/#\/schema\/logo\/image\/","url":"https:\/\/gesthispania.com\/wp-content\/uploads\/2023\/10\/Logo_horizontal_positivo.svg","contentUrl":"https:\/\/gesthispania.com\/wp-content\/uploads\/2023\/10\/Logo_horizontal_positivo.svg","caption":"Gesthispania"},"image":{"@id":"https:\/\/gesthispania.com\/ca\/#\/schema\/logo\/image\/"}}]}},"_links":{"self":[{"href":"https:\/\/gesthispania.com\/ca\/wp-json\/wp\/v2\/pages\/12151","targetHints":{"allow":["GET"]}}],"collection":[{"href":"https:\/\/gesthispania.com\/ca\/wp-json\/wp\/v2\/pages"}],"about":[{"href":"https:\/\/gesthispania.com\/ca\/wp-json\/wp\/v2\/types\/page"}],"author":[{"embeddable":true,"href":"https:\/\/gesthispania.com\/ca\/wp-json\/wp\/v2\/users\/1"}],"replies":[{"embeddable":true,"href":"https:\/\/gesthispania.com\/ca\/wp-json\/wp\/v2\/comments?post=12151"}],"version-history":[{"count":63,"href":"https:\/\/gesthispania.com\/ca\/wp-json\/wp\/v2\/pages\/12151\/revisions"}],"predecessor-version":[{"id":12627,"href":"https:\/\/gesthispania.com\/ca\/wp-json\/wp\/v2\/pages\/12151\/revisions\/12627"}],"wp:attachment":[{"href":"https:\/\/gesthispania.com\/ca\/wp-json\/wp\/v2\/media?parent=12151"}],"curies":[{"name":"wp","href":"https:\/\/api.w.org\/{rel}","templated":true}]}}