{"id":12153,"date":"2023-02-22T15:02:11","date_gmt":"2023-02-22T15:02:11","guid":{"rendered":"https:\/\/wordpress.gesthispania.cloud\/gestoria-de-vehicles\/"},"modified":"2025-05-05T14:27:40","modified_gmt":"2025-05-05T14:27:40","slug":"gestoria-de-vehicles","status":"publish","type":"page","link":"https:\/\/gesthispania.com\/ca\/gestoria-de-vehicles\/","title":{"rendered":"Gestoria de Vehicles"},"content":{"rendered":"\n\n\n\n\n\n\n\n\n\n\n\n\n\n\n\n\n\n\n\n\n\n\n\n\n\n\n\n\n\n\n\n\n\n\n\n\n\n\n\n\n\n\n\n","protected":false},"excerpt":{"rendered":"","protected":false},"author":1,"featured_media":0,"parent":0,"menu_order":0,"comment_status":"closed","ping_status":"closed","template":"","meta":{"inline_featured_image":false,"footnotes":""},"class_list":["post-12153","page","type-page","status-publish","hentry"],"acf":[],"yoast_head":"<!-- This site is optimized with the Yoast SEO plugin v27.2 - https:\/\/yoast.com\/product\/yoast-seo-wordpress\/ -->\n<title>Gestoria de Vehicles - Gesthispania<\/title>\n<meta name=\"description\" content=\"Gesthispania Serveis administratius de gestoria de vehicles per a professionals. Tots els serveis durant la vida \u00fatil del vehicle\" \/>\n<meta name=\"robots\" content=\"index, follow, max-snippet:-1, max-image-preview:large, max-video-preview:-1\" \/>\n<link rel=\"canonical\" href=\"https:\/\/gesthispania.com\/ca\/gestoria-de-vehicles\/\" \/>\n<meta property=\"og:locale\" content=\"ca_ES\" \/>\n<meta property=\"og:type\" content=\"article\" \/>\n<meta property=\"og:title\" content=\"Gestoria de Vehicles - Gesthispania\" \/>\n<meta property=\"og:description\" content=\"Gesthispania Serveis administratius de gestoria de vehicles per a professionals. Tots els serveis durant la vida \u00fatil del vehicle\" \/>\n<meta property=\"og:url\" content=\"https:\/\/gesthispania.com\/ca\/gestoria-de-vehicles\/\" \/>\n<meta property=\"og:site_name\" content=\"Gesthispania\" \/>\n<meta property=\"article:modified_time\" content=\"2025-05-05T14:27:40+00:00\" \/>\n<meta name=\"twitter:card\" content=\"summary_large_image\" \/>\n<script type=\"application\/ld+json\" class=\"yoast-schema-graph\">{\"@context\":\"https:\/\/schema.org\",\"@graph\":[{\"@type\":\"WebPage\",\"@id\":\"https:\/\/gesthispania.com\/ca\/gestoria-de-vehicles\/\",\"url\":\"https:\/\/gesthispania.com\/ca\/gestoria-de-vehicles\/\",\"name\":\"Gestoria de Vehicles - Gesthispania\",\"isPartOf\":{\"@id\":\"https:\/\/gesthispania.com\/ca\/#website\"},\"datePublished\":\"2023-02-22T15:02:11+00:00\",\"dateModified\":\"2025-05-05T14:27:40+00:00\",\"description\":\"Gesthispania Serveis administratius de gestoria de vehicles per a professionals. Tots els serveis durant la vida \u00fatil del vehicle\",\"inLanguage\":\"ca\",\"potentialAction\":[{\"@type\":\"ReadAction\",\"target\":[\"https:\/\/gesthispania.com\/ca\/gestoria-de-vehicles\/\"]}]},{\"@type\":\"WebSite\",\"@id\":\"https:\/\/gesthispania.com\/ca\/#website\",\"url\":\"https:\/\/gesthispania.com\/ca\/\",\"name\":\"Gesthispania\",\"description\":\"Sanciones de tr\u00e1fico y tr\u00e1mites de gestor\u00eda\",\"publisher\":{\"@id\":\"https:\/\/gesthispania.com\/ca\/#organization\"},\"potentialAction\":[{\"@type\":\"SearchAction\",\"target\":{\"@type\":\"EntryPoint\",\"urlTemplate\":\"https:\/\/gesthispania.com\/ca\/?s={search_term_string}\"},\"query-input\":{\"@type\":\"PropertyValueSpecification\",\"valueRequired\":true,\"valueName\":\"search_term_string\"}}],\"inLanguage\":\"ca\"},{\"@type\":\"Organization\",\"@id\":\"https:\/\/gesthispania.com\/ca\/#organization\",\"name\":\"Gesthispania\",\"url\":\"https:\/\/gesthispania.com\/ca\/\",\"logo\":{\"@type\":\"ImageObject\",\"inLanguage\":\"ca\",\"@id\":\"https:\/\/gesthispania.com\/ca\/#\/schema\/logo\/image\/\",\"url\":\"https:\/\/gesthispania.com\/wp-content\/uploads\/2023\/10\/Logo_horizontal_positivo.svg\",\"contentUrl\":\"https:\/\/gesthispania.com\/wp-content\/uploads\/2023\/10\/Logo_horizontal_positivo.svg\",\"caption\":\"Gesthispania\"},\"image\":{\"@id\":\"https:\/\/gesthispania.com\/ca\/#\/schema\/logo\/image\/\"}}]}<\/script>\n<!-- \/ Yoast SEO plugin. -->","yoast_head_json":{"title":"Gestoria de Vehicles - Gesthispania","description":"Gesthispania Serveis administratius de gestoria de vehicles per a professionals. Tots els serveis durant la vida \u00fatil del vehicle","robots":{"index":"index","follow":"follow","max-snippet":"max-snippet:-1","max-image-preview":"max-image-preview:large","max-video-preview":"max-video-preview:-1"},"canonical":"https:\/\/gesthispania.com\/ca\/gestoria-de-vehicles\/","og_locale":"ca_ES","og_type":"article","og_title":"Gestoria de Vehicles - Gesthispania","og_description":"Gesthispania Serveis administratius de gestoria de vehicles per a professionals. Tots els serveis durant la vida \u00fatil del vehicle","og_url":"https:\/\/gesthispania.com\/ca\/gestoria-de-vehicles\/","og_site_name":"Gesthispania","article_modified_time":"2025-05-05T14:27:40+00:00","twitter_card":"summary_large_image","schema":{"@context":"https:\/\/schema.org","@graph":[{"@type":"WebPage","@id":"https:\/\/gesthispania.com\/ca\/gestoria-de-vehicles\/","url":"https:\/\/gesthispania.com\/ca\/gestoria-de-vehicles\/","name":"Gestoria de Vehicles - Gesthispania","isPartOf":{"@id":"https:\/\/gesthispania.com\/ca\/#website"},"datePublished":"2023-02-22T15:02:11+00:00","dateModified":"2025-05-05T14:27:40+00:00","description":"Gesthispania Serveis administratius de gestoria de vehicles per a professionals. Tots els serveis durant la vida \u00fatil del vehicle","inLanguage":"ca","potentialAction":[{"@type":"ReadAction","target":["https:\/\/gesthispania.com\/ca\/gestoria-de-vehicles\/"]}]},{"@type":"WebSite","@id":"https:\/\/gesthispania.com\/ca\/#website","url":"https:\/\/gesthispania.com\/ca\/","name":"Gesthispania","description":"Sanciones de tr\u00e1fico y tr\u00e1mites de gestor\u00eda","publisher":{"@id":"https:\/\/gesthispania.com\/ca\/#organization"},"potentialAction":[{"@type":"SearchAction","target":{"@type":"EntryPoint","urlTemplate":"https:\/\/gesthispania.com\/ca\/?s={search_term_string}"},"query-input":{"@type":"PropertyValueSpecification","valueRequired":true,"valueName":"search_term_string"}}],"inLanguage":"ca"},{"@type":"Organization","@id":"https:\/\/gesthispania.com\/ca\/#organization","name":"Gesthispania","url":"https:\/\/gesthispania.com\/ca\/","logo":{"@type":"ImageObject","inLanguage":"ca","@id":"https:\/\/gesthispania.com\/ca\/#\/schema\/logo\/image\/","url":"https:\/\/gesthispania.com\/wp-content\/uploads\/2023\/10\/Logo_horizontal_positivo.svg","contentUrl":"https:\/\/gesthispania.com\/wp-content\/uploads\/2023\/10\/Logo_horizontal_positivo.svg","caption":"Gesthispania"},"image":{"@id":"https:\/\/gesthispania.com\/ca\/#\/schema\/logo\/image\/"}}]}},"_links":{"self":[{"href":"https:\/\/gesthispania.com\/ca\/wp-json\/wp\/v2\/pages\/12153","targetHints":{"allow":["GET"]}}],"collection":[{"href":"https:\/\/gesthispania.com\/ca\/wp-json\/wp\/v2\/pages"}],"about":[{"href":"https:\/\/gesthispania.com\/ca\/wp-json\/wp\/v2\/types\/page"}],"author":[{"embeddable":true,"href":"https:\/\/gesthispania.com\/ca\/wp-json\/wp\/v2\/users\/1"}],"replies":[{"embeddable":true,"href":"https:\/\/gesthispania.com\/ca\/wp-json\/wp\/v2\/comments?post=12153"}],"version-history":[{"count":18,"href":"https:\/\/gesthispania.com\/ca\/wp-json\/wp\/v2\/pages\/12153\/revisions"}],"predecessor-version":[{"id":12636,"href":"https:\/\/gesthispania.com\/ca\/wp-json\/wp\/v2\/pages\/12153\/revisions\/12636"}],"wp:attachment":[{"href":"https:\/\/gesthispania.com\/ca\/wp-json\/wp\/v2\/media?parent=12153"}],"curies":[{"name":"wp","href":"https:\/\/api.w.org\/{rel}","templated":true}]}}