{"id":12155,"date":"2023-02-22T15:03:55","date_gmt":"2023-02-22T15:03:55","guid":{"rendered":"https:\/\/wordpress.gesthispania.cloud\/gestio-de-multes\/"},"modified":"2025-05-05T14:27:33","modified_gmt":"2025-05-05T14:27:33","slug":"gestio-de-multes","status":"publish","type":"page","link":"https:\/\/gesthispania.com\/ca\/gestio-de-multes\/","title":{"rendered":"Gesti\u00f3 de Multes"},"content":{"rendered":"\n\n\n\n\n\n\n\n\n\n\n\n\n\n\n\n\n\n\n\n\n\n\n\n\n\n\n\n\n\n\n\n\n\n\n\n\n\n\n\n\n\n","protected":false},"excerpt":{"rendered":"","protected":false},"author":1,"featured_media":0,"parent":0,"menu_order":0,"comment_status":"closed","ping_status":"closed","template":"","meta":{"inline_featured_image":false,"footnotes":""},"class_list":["post-12155","page","type-page","status-publish","hentry"],"acf":[],"yoast_head":"<!-- This site is optimized with the Yoast SEO plugin v27.2 - https:\/\/yoast.com\/product\/yoast-seo-wordpress\/ -->\n<title>Gesti\u00f3 de Multes - Gesthispania<\/title>\n<meta name=\"description\" content=\"Serveis professionals de Gesti\u00f3 de Multes per a empreses amb flotes de vehicles, RAC, R\u00e8nting, Flotistes, Fabricants, etc.\" \/>\n<meta name=\"robots\" content=\"index, follow, max-snippet:-1, max-image-preview:large, max-video-preview:-1\" \/>\n<link rel=\"canonical\" href=\"https:\/\/gesthispania.com\/ca\/gestio-de-multes\/\" \/>\n<meta property=\"og:locale\" content=\"ca_ES\" \/>\n<meta property=\"og:type\" content=\"article\" \/>\n<meta property=\"og:title\" content=\"Gesti\u00f3 de Multes - Gesthispania\" \/>\n<meta property=\"og:description\" content=\"Serveis professionals de Gesti\u00f3 de Multes per a empreses amb flotes de vehicles, RAC, R\u00e8nting, Flotistes, Fabricants, etc.\" \/>\n<meta property=\"og:url\" content=\"https:\/\/gesthispania.com\/ca\/gestio-de-multes\/\" \/>\n<meta property=\"og:site_name\" content=\"Gesthispania\" \/>\n<meta property=\"article:modified_time\" content=\"2025-05-05T14:27:33+00:00\" \/>\n<meta name=\"twitter:card\" content=\"summary_large_image\" \/>\n<script type=\"application\/ld+json\" class=\"yoast-schema-graph\">{\"@context\":\"https:\/\/schema.org\",\"@graph\":[{\"@type\":\"WebPage\",\"@id\":\"https:\/\/gesthispania.com\/ca\/gestio-de-multes\/\",\"url\":\"https:\/\/gesthispania.com\/ca\/gestio-de-multes\/\",\"name\":\"Gesti\u00f3 de Multes - Gesthispania\",\"isPartOf\":{\"@id\":\"https:\/\/gesthispania.com\/ca\/#website\"},\"datePublished\":\"2023-02-22T15:03:55+00:00\",\"dateModified\":\"2025-05-05T14:27:33+00:00\",\"description\":\"Serveis professionals de Gesti\u00f3 de Multes per a empreses amb flotes de vehicles, RAC, R\u00e8nting, Flotistes, Fabricants, etc.\",\"inLanguage\":\"ca\",\"potentialAction\":[{\"@type\":\"ReadAction\",\"target\":[\"https:\/\/gesthispania.com\/ca\/gestio-de-multes\/\"]}]},{\"@type\":\"WebSite\",\"@id\":\"https:\/\/gesthispania.com\/ca\/#website\",\"url\":\"https:\/\/gesthispania.com\/ca\/\",\"name\":\"Gesthispania\",\"description\":\"Sanciones de tr\u00e1fico y tr\u00e1mites de gestor\u00eda\",\"publisher\":{\"@id\":\"https:\/\/gesthispania.com\/ca\/#organization\"},\"potentialAction\":[{\"@type\":\"SearchAction\",\"target\":{\"@type\":\"EntryPoint\",\"urlTemplate\":\"https:\/\/gesthispania.com\/ca\/?s={search_term_string}\"},\"query-input\":{\"@type\":\"PropertyValueSpecification\",\"valueRequired\":true,\"valueName\":\"search_term_string\"}}],\"inLanguage\":\"ca\"},{\"@type\":\"Organization\",\"@id\":\"https:\/\/gesthispania.com\/ca\/#organization\",\"name\":\"Gesthispania\",\"url\":\"https:\/\/gesthispania.com\/ca\/\",\"logo\":{\"@type\":\"ImageObject\",\"inLanguage\":\"ca\",\"@id\":\"https:\/\/gesthispania.com\/ca\/#\/schema\/logo\/image\/\",\"url\":\"https:\/\/gesthispania.com\/wp-content\/uploads\/2023\/10\/Logo_horizontal_positivo.svg\",\"contentUrl\":\"https:\/\/gesthispania.com\/wp-content\/uploads\/2023\/10\/Logo_horizontal_positivo.svg\",\"caption\":\"Gesthispania\"},\"image\":{\"@id\":\"https:\/\/gesthispania.com\/ca\/#\/schema\/logo\/image\/\"}}]}<\/script>\n<!-- \/ Yoast SEO plugin. -->","yoast_head_json":{"title":"Gesti\u00f3 de Multes - Gesthispania","description":"Serveis professionals de Gesti\u00f3 de Multes per a empreses amb flotes de vehicles, RAC, R\u00e8nting, Flotistes, Fabricants, etc.","robots":{"index":"index","follow":"follow","max-snippet":"max-snippet:-1","max-image-preview":"max-image-preview:large","max-video-preview":"max-video-preview:-1"},"canonical":"https:\/\/gesthispania.com\/ca\/gestio-de-multes\/","og_locale":"ca_ES","og_type":"article","og_title":"Gesti\u00f3 de Multes - Gesthispania","og_description":"Serveis professionals de Gesti\u00f3 de Multes per a empreses amb flotes de vehicles, RAC, R\u00e8nting, Flotistes, Fabricants, etc.","og_url":"https:\/\/gesthispania.com\/ca\/gestio-de-multes\/","og_site_name":"Gesthispania","article_modified_time":"2025-05-05T14:27:33+00:00","twitter_card":"summary_large_image","schema":{"@context":"https:\/\/schema.org","@graph":[{"@type":"WebPage","@id":"https:\/\/gesthispania.com\/ca\/gestio-de-multes\/","url":"https:\/\/gesthispania.com\/ca\/gestio-de-multes\/","name":"Gesti\u00f3 de Multes - Gesthispania","isPartOf":{"@id":"https:\/\/gesthispania.com\/ca\/#website"},"datePublished":"2023-02-22T15:03:55+00:00","dateModified":"2025-05-05T14:27:33+00:00","description":"Serveis professionals de Gesti\u00f3 de Multes per a empreses amb flotes de vehicles, RAC, R\u00e8nting, Flotistes, Fabricants, etc.","inLanguage":"ca","potentialAction":[{"@type":"ReadAction","target":["https:\/\/gesthispania.com\/ca\/gestio-de-multes\/"]}]},{"@type":"WebSite","@id":"https:\/\/gesthispania.com\/ca\/#website","url":"https:\/\/gesthispania.com\/ca\/","name":"Gesthispania","description":"Sanciones de tr\u00e1fico y tr\u00e1mites de gestor\u00eda","publisher":{"@id":"https:\/\/gesthispania.com\/ca\/#organization"},"potentialAction":[{"@type":"SearchAction","target":{"@type":"EntryPoint","urlTemplate":"https:\/\/gesthispania.com\/ca\/?s={search_term_string}"},"query-input":{"@type":"PropertyValueSpecification","valueRequired":true,"valueName":"search_term_string"}}],"inLanguage":"ca"},{"@type":"Organization","@id":"https:\/\/gesthispania.com\/ca\/#organization","name":"Gesthispania","url":"https:\/\/gesthispania.com\/ca\/","logo":{"@type":"ImageObject","inLanguage":"ca","@id":"https:\/\/gesthispania.com\/ca\/#\/schema\/logo\/image\/","url":"https:\/\/gesthispania.com\/wp-content\/uploads\/2023\/10\/Logo_horizontal_positivo.svg","contentUrl":"https:\/\/gesthispania.com\/wp-content\/uploads\/2023\/10\/Logo_horizontal_positivo.svg","caption":"Gesthispania"},"image":{"@id":"https:\/\/gesthispania.com\/ca\/#\/schema\/logo\/image\/"}}]}},"_links":{"self":[{"href":"https:\/\/gesthispania.com\/ca\/wp-json\/wp\/v2\/pages\/12155","targetHints":{"allow":["GET"]}}],"collection":[{"href":"https:\/\/gesthispania.com\/ca\/wp-json\/wp\/v2\/pages"}],"about":[{"href":"https:\/\/gesthispania.com\/ca\/wp-json\/wp\/v2\/types\/page"}],"author":[{"embeddable":true,"href":"https:\/\/gesthispania.com\/ca\/wp-json\/wp\/v2\/users\/1"}],"replies":[{"embeddable":true,"href":"https:\/\/gesthispania.com\/ca\/wp-json\/wp\/v2\/comments?post=12155"}],"version-history":[{"count":27,"href":"https:\/\/gesthispania.com\/ca\/wp-json\/wp\/v2\/pages\/12155\/revisions"}],"predecessor-version":[{"id":12634,"href":"https:\/\/gesthispania.com\/ca\/wp-json\/wp\/v2\/pages\/12155\/revisions\/12634"}],"wp:attachment":[{"href":"https:\/\/gesthispania.com\/ca\/wp-json\/wp\/v2\/media?parent=12155"}],"curies":[{"name":"wp","href":"https:\/\/api.w.org\/{rel}","templated":true}]}}