{"id":7423,"date":"2023-01-09T10:39:42","date_gmt":"2023-01-09T10:39:42","guid":{"rendered":"https:\/\/gesthispania.es\/privacy-policy\/"},"modified":"2025-06-10T07:34:51","modified_gmt":"2025-06-10T07:34:51","slug":"privacy-policy","status":"publish","type":"page","link":"https:\/\/gesthispania.com\/en\/privacy-policy\/","title":{"rendered":"Privacy Policy"},"content":{"rendered":"\n\n","protected":false},"excerpt":{"rendered":"","protected":false},"author":1,"featured_media":0,"parent":0,"menu_order":0,"comment_status":"closed","ping_status":"closed","template":"","meta":{"inline_featured_image":false,"footnotes":""},"class_list":["post-7423","page","type-page","status-publish","hentry"],"acf":[],"yoast_head":"<!-- This site is optimized with the Yoast SEO plugin v27.2 - https:\/\/yoast.com\/product\/yoast-seo-wordpress\/ -->\n<title>Privacy Policy - Gesthispania<\/title>\n<meta name=\"robots\" content=\"index, follow, max-snippet:-1, max-image-preview:large, max-video-preview:-1\" \/>\n<link rel=\"canonical\" href=\"https:\/\/gesthispania.com\/en\/privacy-policy\/\" \/>\n<meta property=\"og:locale\" content=\"en_US\" \/>\n<meta property=\"og:type\" content=\"article\" \/>\n<meta property=\"og:title\" content=\"Privacy Policy - Gesthispania\" \/>\n<meta property=\"og:url\" content=\"https:\/\/gesthispania.com\/en\/privacy-policy\/\" \/>\n<meta property=\"og:site_name\" content=\"Gesthispania\" \/>\n<meta property=\"article:modified_time\" content=\"2025-06-10T07:34:51+00:00\" \/>\n<meta name=\"twitter:card\" content=\"summary_large_image\" \/>\n<script type=\"application\/ld+json\" class=\"yoast-schema-graph\">{\"@context\":\"https:\/\/schema.org\",\"@graph\":[{\"@type\":\"WebPage\",\"@id\":\"https:\/\/gesthispania.com\/en\/privacy-policy\/\",\"url\":\"https:\/\/gesthispania.com\/en\/privacy-policy\/\",\"name\":\"Privacy Policy - Gesthispania\",\"isPartOf\":{\"@id\":\"https:\/\/gesthispania.com\/en\/#website\"},\"datePublished\":\"2023-01-09T10:39:42+00:00\",\"dateModified\":\"2025-06-10T07:34:51+00:00\",\"inLanguage\":\"en-US\",\"potentialAction\":[{\"@type\":\"ReadAction\",\"target\":[\"https:\/\/gesthispania.com\/en\/privacy-policy\/\"]}]},{\"@type\":\"WebSite\",\"@id\":\"https:\/\/gesthispania.com\/en\/#website\",\"url\":\"https:\/\/gesthispania.com\/en\/\",\"name\":\"Gesthispania\",\"description\":\"Sanciones de tr\u00e1fico y tr\u00e1mites de gestor\u00eda\",\"publisher\":{\"@id\":\"https:\/\/gesthispania.com\/en\/#organization\"},\"potentialAction\":[{\"@type\":\"SearchAction\",\"target\":{\"@type\":\"EntryPoint\",\"urlTemplate\":\"https:\/\/gesthispania.com\/en\/?s={search_term_string}\"},\"query-input\":{\"@type\":\"PropertyValueSpecification\",\"valueRequired\":true,\"valueName\":\"search_term_string\"}}],\"inLanguage\":\"en-US\"},{\"@type\":\"Organization\",\"@id\":\"https:\/\/gesthispania.com\/en\/#organization\",\"name\":\"Gesthispania\",\"url\":\"https:\/\/gesthispania.com\/en\/\",\"logo\":{\"@type\":\"ImageObject\",\"inLanguage\":\"en-US\",\"@id\":\"https:\/\/gesthispania.com\/en\/#\/schema\/logo\/image\/\",\"url\":\"https:\/\/gesthispania.com\/wp-content\/uploads\/2023\/10\/Logo_horizontal_positivo.svg\",\"contentUrl\":\"https:\/\/gesthispania.com\/wp-content\/uploads\/2023\/10\/Logo_horizontal_positivo.svg\",\"caption\":\"Gesthispania\"},\"image\":{\"@id\":\"https:\/\/gesthispania.com\/en\/#\/schema\/logo\/image\/\"}}]}<\/script>\n<!-- \/ Yoast SEO plugin. -->","yoast_head_json":{"title":"Privacy Policy - Gesthispania","robots":{"index":"index","follow":"follow","max-snippet":"max-snippet:-1","max-image-preview":"max-image-preview:large","max-video-preview":"max-video-preview:-1"},"canonical":"https:\/\/gesthispania.com\/en\/privacy-policy\/","og_locale":"en_US","og_type":"article","og_title":"Privacy Policy - Gesthispania","og_url":"https:\/\/gesthispania.com\/en\/privacy-policy\/","og_site_name":"Gesthispania","article_modified_time":"2025-06-10T07:34:51+00:00","twitter_card":"summary_large_image","schema":{"@context":"https:\/\/schema.org","@graph":[{"@type":"WebPage","@id":"https:\/\/gesthispania.com\/en\/privacy-policy\/","url":"https:\/\/gesthispania.com\/en\/privacy-policy\/","name":"Privacy Policy - Gesthispania","isPartOf":{"@id":"https:\/\/gesthispania.com\/en\/#website"},"datePublished":"2023-01-09T10:39:42+00:00","dateModified":"2025-06-10T07:34:51+00:00","inLanguage":"en-US","potentialAction":[{"@type":"ReadAction","target":["https:\/\/gesthispania.com\/en\/privacy-policy\/"]}]},{"@type":"WebSite","@id":"https:\/\/gesthispania.com\/en\/#website","url":"https:\/\/gesthispania.com\/en\/","name":"Gesthispania","description":"Sanciones de tr\u00e1fico y tr\u00e1mites de gestor\u00eda","publisher":{"@id":"https:\/\/gesthispania.com\/en\/#organization"},"potentialAction":[{"@type":"SearchAction","target":{"@type":"EntryPoint","urlTemplate":"https:\/\/gesthispania.com\/en\/?s={search_term_string}"},"query-input":{"@type":"PropertyValueSpecification","valueRequired":true,"valueName":"search_term_string"}}],"inLanguage":"en-US"},{"@type":"Organization","@id":"https:\/\/gesthispania.com\/en\/#organization","name":"Gesthispania","url":"https:\/\/gesthispania.com\/en\/","logo":{"@type":"ImageObject","inLanguage":"en-US","@id":"https:\/\/gesthispania.com\/en\/#\/schema\/logo\/image\/","url":"https:\/\/gesthispania.com\/wp-content\/uploads\/2023\/10\/Logo_horizontal_positivo.svg","contentUrl":"https:\/\/gesthispania.com\/wp-content\/uploads\/2023\/10\/Logo_horizontal_positivo.svg","caption":"Gesthispania"},"image":{"@id":"https:\/\/gesthispania.com\/en\/#\/schema\/logo\/image\/"}}]}},"_links":{"self":[{"href":"https:\/\/gesthispania.com\/en\/wp-json\/wp\/v2\/pages\/7423","targetHints":{"allow":["GET"]}}],"collection":[{"href":"https:\/\/gesthispania.com\/en\/wp-json\/wp\/v2\/pages"}],"about":[{"href":"https:\/\/gesthispania.com\/en\/wp-json\/wp\/v2\/types\/page"}],"author":[{"embeddable":true,"href":"https:\/\/gesthispania.com\/en\/wp-json\/wp\/v2\/users\/1"}],"replies":[{"embeddable":true,"href":"https:\/\/gesthispania.com\/en\/wp-json\/wp\/v2\/comments?post=7423"}],"version-history":[{"count":8,"href":"https:\/\/gesthispania.com\/en\/wp-json\/wp\/v2\/pages\/7423\/revisions"}],"predecessor-version":[{"id":12770,"href":"https:\/\/gesthispania.com\/en\/wp-json\/wp\/v2\/pages\/7423\/revisions\/12770"}],"wp:attachment":[{"href":"https:\/\/gesthispania.com\/en\/wp-json\/wp\/v2\/media?parent=7423"}],"curies":[{"name":"wp","href":"https:\/\/api.w.org\/{rel}","templated":true}]}}