{"id":7502,"date":"2023-02-23T10:13:16","date_gmt":"2023-02-23T10:13:16","guid":{"rendered":"https:\/\/gesthispania.es\/commitment-to-gdpr\/"},"modified":"2025-06-10T07:03:25","modified_gmt":"2025-06-10T07:03:25","slug":"commitment-to-gdpr","status":"publish","type":"page","link":"https:\/\/gesthispania.com\/en\/commitment-to-gdpr\/","title":{"rendered":"Commitment to GDPR"},"content":{"rendered":"\n\n","protected":false},"excerpt":{"rendered":"","protected":false},"author":1,"featured_media":0,"parent":0,"menu_order":0,"comment_status":"closed","ping_status":"closed","template":"","meta":{"inline_featured_image":false,"footnotes":""},"class_list":["post-7502","page","type-page","status-publish","hentry"],"acf":[],"yoast_head":"<!-- This site is optimized with the Yoast SEO plugin v27.2 - https:\/\/yoast.com\/product\/yoast-seo-wordpress\/ -->\n<title>Commitment to GDPR - Gesthispania<\/title>\n<meta name=\"robots\" content=\"noindex, follow\" \/>\n<meta property=\"og:locale\" content=\"en_US\" \/>\n<meta property=\"og:type\" content=\"article\" \/>\n<meta property=\"og:title\" content=\"Commitment to GDPR - Gesthispania\" \/>\n<meta property=\"og:url\" content=\"https:\/\/gesthispania.com\/en\/commitment-to-gdpr\/\" \/>\n<meta property=\"og:site_name\" content=\"Gesthispania\" \/>\n<meta property=\"article:modified_time\" content=\"2025-06-10T07:03:25+00:00\" \/>\n<meta name=\"twitter:card\" content=\"summary_large_image\" \/>\n<script type=\"application\/ld+json\" class=\"yoast-schema-graph\">{\"@context\":\"https:\/\/schema.org\",\"@graph\":[{\"@type\":\"WebPage\",\"@id\":\"https:\/\/gesthispania.com\/en\/commitment-to-gdpr\/\",\"url\":\"https:\/\/gesthispania.com\/en\/commitment-to-gdpr\/\",\"name\":\"Commitment to GDPR - Gesthispania\",\"isPartOf\":{\"@id\":\"https:\/\/gesthispania.com\/en\/#website\"},\"datePublished\":\"2023-02-23T10:13:16+00:00\",\"dateModified\":\"2025-06-10T07:03:25+00:00\",\"inLanguage\":\"en-US\",\"potentialAction\":[{\"@type\":\"ReadAction\",\"target\":[\"https:\/\/gesthispania.com\/en\/commitment-to-gdpr\/\"]}]},{\"@type\":\"WebSite\",\"@id\":\"https:\/\/gesthispania.com\/en\/#website\",\"url\":\"https:\/\/gesthispania.com\/en\/\",\"name\":\"Gesthispania\",\"description\":\"Sanciones de tr\u00e1fico y tr\u00e1mites de gestor\u00eda\",\"publisher\":{\"@id\":\"https:\/\/gesthispania.com\/en\/#organization\"},\"potentialAction\":[{\"@type\":\"SearchAction\",\"target\":{\"@type\":\"EntryPoint\",\"urlTemplate\":\"https:\/\/gesthispania.com\/en\/?s={search_term_string}\"},\"query-input\":{\"@type\":\"PropertyValueSpecification\",\"valueRequired\":true,\"valueName\":\"search_term_string\"}}],\"inLanguage\":\"en-US\"},{\"@type\":\"Organization\",\"@id\":\"https:\/\/gesthispania.com\/en\/#organization\",\"name\":\"Gesthispania\",\"url\":\"https:\/\/gesthispania.com\/en\/\",\"logo\":{\"@type\":\"ImageObject\",\"inLanguage\":\"en-US\",\"@id\":\"https:\/\/gesthispania.com\/en\/#\/schema\/logo\/image\/\",\"url\":\"https:\/\/gesthispania.com\/wp-content\/uploads\/2023\/10\/Logo_horizontal_positivo.svg\",\"contentUrl\":\"https:\/\/gesthispania.com\/wp-content\/uploads\/2023\/10\/Logo_horizontal_positivo.svg\",\"caption\":\"Gesthispania\"},\"image\":{\"@id\":\"https:\/\/gesthispania.com\/en\/#\/schema\/logo\/image\/\"}}]}<\/script>\n<!-- \/ Yoast SEO plugin. -->","yoast_head_json":{"title":"Commitment to GDPR - Gesthispania","robots":{"index":"noindex","follow":"follow"},"og_locale":"en_US","og_type":"article","og_title":"Commitment to GDPR - Gesthispania","og_url":"https:\/\/gesthispania.com\/en\/commitment-to-gdpr\/","og_site_name":"Gesthispania","article_modified_time":"2025-06-10T07:03:25+00:00","twitter_card":"summary_large_image","schema":{"@context":"https:\/\/schema.org","@graph":[{"@type":"WebPage","@id":"https:\/\/gesthispania.com\/en\/commitment-to-gdpr\/","url":"https:\/\/gesthispania.com\/en\/commitment-to-gdpr\/","name":"Commitment to GDPR - Gesthispania","isPartOf":{"@id":"https:\/\/gesthispania.com\/en\/#website"},"datePublished":"2023-02-23T10:13:16+00:00","dateModified":"2025-06-10T07:03:25+00:00","inLanguage":"en-US","potentialAction":[{"@type":"ReadAction","target":["https:\/\/gesthispania.com\/en\/commitment-to-gdpr\/"]}]},{"@type":"WebSite","@id":"https:\/\/gesthispania.com\/en\/#website","url":"https:\/\/gesthispania.com\/en\/","name":"Gesthispania","description":"Sanciones de tr\u00e1fico y tr\u00e1mites de gestor\u00eda","publisher":{"@id":"https:\/\/gesthispania.com\/en\/#organization"},"potentialAction":[{"@type":"SearchAction","target":{"@type":"EntryPoint","urlTemplate":"https:\/\/gesthispania.com\/en\/?s={search_term_string}"},"query-input":{"@type":"PropertyValueSpecification","valueRequired":true,"valueName":"search_term_string"}}],"inLanguage":"en-US"},{"@type":"Organization","@id":"https:\/\/gesthispania.com\/en\/#organization","name":"Gesthispania","url":"https:\/\/gesthispania.com\/en\/","logo":{"@type":"ImageObject","inLanguage":"en-US","@id":"https:\/\/gesthispania.com\/en\/#\/schema\/logo\/image\/","url":"https:\/\/gesthispania.com\/wp-content\/uploads\/2023\/10\/Logo_horizontal_positivo.svg","contentUrl":"https:\/\/gesthispania.com\/wp-content\/uploads\/2023\/10\/Logo_horizontal_positivo.svg","caption":"Gesthispania"},"image":{"@id":"https:\/\/gesthispania.com\/en\/#\/schema\/logo\/image\/"}}]}},"_links":{"self":[{"href":"https:\/\/gesthispania.com\/en\/wp-json\/wp\/v2\/pages\/7502","targetHints":{"allow":["GET"]}}],"collection":[{"href":"https:\/\/gesthispania.com\/en\/wp-json\/wp\/v2\/pages"}],"about":[{"href":"https:\/\/gesthispania.com\/en\/wp-json\/wp\/v2\/types\/page"}],"author":[{"embeddable":true,"href":"https:\/\/gesthispania.com\/en\/wp-json\/wp\/v2\/users\/1"}],"replies":[{"embeddable":true,"href":"https:\/\/gesthispania.com\/en\/wp-json\/wp\/v2\/comments?post=7502"}],"version-history":[{"count":3,"href":"https:\/\/gesthispania.com\/en\/wp-json\/wp\/v2\/pages\/7502\/revisions"}],"predecessor-version":[{"id":12757,"href":"https:\/\/gesthispania.com\/en\/wp-json\/wp\/v2\/pages\/7502\/revisions\/12757"}],"wp:attachment":[{"href":"https:\/\/gesthispania.com\/en\/wp-json\/wp\/v2\/media?parent=7502"}],"curies":[{"name":"wp","href":"https:\/\/api.w.org\/{rel}","templated":true}]}}