{"id":12489,"date":"2023-02-23T10:13:16","date_gmt":"2023-02-23T10:13:16","guid":{"rendered":"https:\/\/wordpress.gesthispania.cloud\/compromisso-com-o-rgpd\/"},"modified":"2025-06-10T07:02:09","modified_gmt":"2025-06-10T07:02:09","slug":"compromisso-com-o-rgpd","status":"publish","type":"page","link":"https:\/\/gesthispania.com\/pt-pt\/compromisso-com-o-rgpd\/","title":{"rendered":"Compromisso com o RGPD"},"content":{"rendered":"\n\n","protected":false},"excerpt":{"rendered":"","protected":false},"author":1,"featured_media":0,"parent":0,"menu_order":0,"comment_status":"closed","ping_status":"closed","template":"","meta":{"inline_featured_image":false,"footnotes":""},"class_list":["post-12489","page","type-page","status-publish","hentry"],"acf":[],"yoast_head":"<!-- This site is optimized with the Yoast SEO plugin v27.2 - https:\/\/yoast.com\/product\/yoast-seo-wordpress\/ -->\n<title>Compromisso com o RGPD - Gesthispania<\/title>\n<meta name=\"robots\" content=\"noindex, follow\" \/>\n<meta property=\"og:locale\" content=\"pt_PT\" \/>\n<meta property=\"og:type\" content=\"article\" \/>\n<meta property=\"og:title\" content=\"Compromisso com o RGPD - Gesthispania\" \/>\n<meta property=\"og:url\" content=\"https:\/\/gesthispania.com\/pt-pt\/compromisso-com-o-rgpd\/\" \/>\n<meta property=\"og:site_name\" content=\"Gesthispania\" \/>\n<meta property=\"article:modified_time\" content=\"2025-06-10T07:02:09+00:00\" \/>\n<meta name=\"twitter:card\" content=\"summary_large_image\" \/>\n<script type=\"application\/ld+json\" class=\"yoast-schema-graph\">{\"@context\":\"https:\/\/schema.org\",\"@graph\":[{\"@type\":\"WebPage\",\"@id\":\"https:\/\/gesthispania.com\/pt-pt\/compromisso-com-o-rgpd\/\",\"url\":\"https:\/\/gesthispania.com\/pt-pt\/compromisso-com-o-rgpd\/\",\"name\":\"Compromisso com o RGPD - Gesthispania\",\"isPartOf\":{\"@id\":\"https:\/\/gesthispania.com\/pt-pt\/#website\"},\"datePublished\":\"2023-02-23T10:13:16+00:00\",\"dateModified\":\"2025-06-10T07:02:09+00:00\",\"inLanguage\":\"pt-PT\",\"potentialAction\":[{\"@type\":\"ReadAction\",\"target\":[\"https:\/\/gesthispania.com\/pt-pt\/compromisso-com-o-rgpd\/\"]}]},{\"@type\":\"WebSite\",\"@id\":\"https:\/\/gesthispania.com\/pt-pt\/#website\",\"url\":\"https:\/\/gesthispania.com\/pt-pt\/\",\"name\":\"Gesthispania\",\"description\":\"Sanciones de tr\u00e1fico y tr\u00e1mites de gestor\u00eda\",\"publisher\":{\"@id\":\"https:\/\/gesthispania.com\/pt-pt\/#organization\"},\"potentialAction\":[{\"@type\":\"SearchAction\",\"target\":{\"@type\":\"EntryPoint\",\"urlTemplate\":\"https:\/\/gesthispania.com\/pt-pt\/?s={search_term_string}\"},\"query-input\":{\"@type\":\"PropertyValueSpecification\",\"valueRequired\":true,\"valueName\":\"search_term_string\"}}],\"inLanguage\":\"pt-PT\"},{\"@type\":\"Organization\",\"@id\":\"https:\/\/gesthispania.com\/pt-pt\/#organization\",\"name\":\"Gesthispania\",\"url\":\"https:\/\/gesthispania.com\/pt-pt\/\",\"logo\":{\"@type\":\"ImageObject\",\"inLanguage\":\"pt-PT\",\"@id\":\"https:\/\/gesthispania.com\/pt-pt\/#\/schema\/logo\/image\/\",\"url\":\"https:\/\/gesthispania.com\/wp-content\/uploads\/2023\/10\/Logo_horizontal_positivo.svg\",\"contentUrl\":\"https:\/\/gesthispania.com\/wp-content\/uploads\/2023\/10\/Logo_horizontal_positivo.svg\",\"caption\":\"Gesthispania\"},\"image\":{\"@id\":\"https:\/\/gesthispania.com\/pt-pt\/#\/schema\/logo\/image\/\"}}]}<\/script>\n<!-- \/ Yoast SEO plugin. -->","yoast_head_json":{"title":"Compromisso com o RGPD - Gesthispania","robots":{"index":"noindex","follow":"follow"},"og_locale":"pt_PT","og_type":"article","og_title":"Compromisso com o RGPD - Gesthispania","og_url":"https:\/\/gesthispania.com\/pt-pt\/compromisso-com-o-rgpd\/","og_site_name":"Gesthispania","article_modified_time":"2025-06-10T07:02:09+00:00","twitter_card":"summary_large_image","schema":{"@context":"https:\/\/schema.org","@graph":[{"@type":"WebPage","@id":"https:\/\/gesthispania.com\/pt-pt\/compromisso-com-o-rgpd\/","url":"https:\/\/gesthispania.com\/pt-pt\/compromisso-com-o-rgpd\/","name":"Compromisso com o RGPD - Gesthispania","isPartOf":{"@id":"https:\/\/gesthispania.com\/pt-pt\/#website"},"datePublished":"2023-02-23T10:13:16+00:00","dateModified":"2025-06-10T07:02:09+00:00","inLanguage":"pt-PT","potentialAction":[{"@type":"ReadAction","target":["https:\/\/gesthispania.com\/pt-pt\/compromisso-com-o-rgpd\/"]}]},{"@type":"WebSite","@id":"https:\/\/gesthispania.com\/pt-pt\/#website","url":"https:\/\/gesthispania.com\/pt-pt\/","name":"Gesthispania","description":"Sanciones de tr\u00e1fico y tr\u00e1mites de gestor\u00eda","publisher":{"@id":"https:\/\/gesthispania.com\/pt-pt\/#organization"},"potentialAction":[{"@type":"SearchAction","target":{"@type":"EntryPoint","urlTemplate":"https:\/\/gesthispania.com\/pt-pt\/?s={search_term_string}"},"query-input":{"@type":"PropertyValueSpecification","valueRequired":true,"valueName":"search_term_string"}}],"inLanguage":"pt-PT"},{"@type":"Organization","@id":"https:\/\/gesthispania.com\/pt-pt\/#organization","name":"Gesthispania","url":"https:\/\/gesthispania.com\/pt-pt\/","logo":{"@type":"ImageObject","inLanguage":"pt-PT","@id":"https:\/\/gesthispania.com\/pt-pt\/#\/schema\/logo\/image\/","url":"https:\/\/gesthispania.com\/wp-content\/uploads\/2023\/10\/Logo_horizontal_positivo.svg","contentUrl":"https:\/\/gesthispania.com\/wp-content\/uploads\/2023\/10\/Logo_horizontal_positivo.svg","caption":"Gesthispania"},"image":{"@id":"https:\/\/gesthispania.com\/pt-pt\/#\/schema\/logo\/image\/"}}]}},"_links":{"self":[{"href":"https:\/\/gesthispania.com\/pt-pt\/wp-json\/wp\/v2\/pages\/12489","targetHints":{"allow":["GET"]}}],"collection":[{"href":"https:\/\/gesthispania.com\/pt-pt\/wp-json\/wp\/v2\/pages"}],"about":[{"href":"https:\/\/gesthispania.com\/pt-pt\/wp-json\/wp\/v2\/types\/page"}],"author":[{"embeddable":true,"href":"https:\/\/gesthispania.com\/pt-pt\/wp-json\/wp\/v2\/users\/1"}],"replies":[{"embeddable":true,"href":"https:\/\/gesthispania.com\/pt-pt\/wp-json\/wp\/v2\/comments?post=12489"}],"version-history":[{"count":3,"href":"https:\/\/gesthispania.com\/pt-pt\/wp-json\/wp\/v2\/pages\/12489\/revisions"}],"predecessor-version":[{"id":12753,"href":"https:\/\/gesthispania.com\/pt-pt\/wp-json\/wp\/v2\/pages\/12489\/revisions\/12753"}],"wp:attachment":[{"href":"https:\/\/gesthispania.com\/pt-pt\/wp-json\/wp\/v2\/media?parent=12489"}],"curies":[{"name":"wp","href":"https:\/\/api.w.org\/{rel}","templated":true}]}}