{"id":9306,"date":"2023-02-23T12:58:51","date_gmt":"2023-02-23T12:58:51","guid":{"rendered":"https:\/\/gesthispania.es\/sobre-nosotros\/"},"modified":"2023-11-08T17:36:28","modified_gmt":"2023-11-08T17:36:28","slug":"sobre-nos","status":"publish","type":"page","link":"https:\/\/gesthispania.com\/pt-pt\/sobre-nos\/","title":{"rendered":"Sobre n\u00f3s"},"content":{"rendered":"\n\n\n\n\n\n\n<div style=\"height:30px\" aria-hidden=\"true\" class=\"wp-block-spacer\"><\/div>\n\n\n\n\n\n\n\n\n\n\n\n\n\n\n\n\n\n<div class=\"wp-block-columns is-layout-flex wp-container-core-columns-is-layout-9d6595d7 wp-block-columns-is-layout-flex\">\n<div class=\"wp-block-column is-layout-flow wp-block-column-is-layout-flow\">\n<figure class=\"wp-block-image aligncenter size-full hide-mobile\" style=\"margin-top:-3.5em;\"><img loading=\"lazy\" decoding=\"async\" width=\"1175\" height=\"625\" src=\"https:\/\/gesthispania.es\/wp-content\/uploads\/2023\/07\/tipos-clientes.png\" alt=\"tipos de cliente\" class=\"wp-image-7778\"\/><\/figure>\n<\/div>\n<\/div>\n\n\n\n\n\n\n\n\n\n<p><\/p>\n","protected":false},"excerpt":{"rendered":"","protected":false},"author":1,"featured_media":0,"parent":0,"menu_order":0,"comment_status":"closed","ping_status":"closed","template":"","meta":{"inline_featured_image":false,"footnotes":""},"class_list":["post-9306","page","type-page","status-publish","hentry"],"acf":[],"yoast_head":"<!-- This site is optimized with the Yoast SEO plugin v27.2 - https:\/\/yoast.com\/product\/yoast-seo-wordpress\/ -->\n<title>Sobre n\u00f3s - Gesthispania<\/title>\n<meta name=\"description\" content=\"Gesthispania Trabajamos desde 1999 al lado de nuestros clientes del sector de la movilidad, brind\u00e1ndoles servicios administrativos de gestor\u00eda de veh\u00edculos y gesti\u00f3n de multas.\" \/>\n<meta name=\"robots\" content=\"index, follow, max-snippet:-1, max-image-preview:large, max-video-preview:-1\" \/>\n<link rel=\"canonical\" href=\"https:\/\/gesthispania.com\/pt-pt\/sobre-nos\/\" \/>\n<meta property=\"og:locale\" content=\"pt_PT\" \/>\n<meta property=\"og:type\" content=\"article\" \/>\n<meta property=\"og:title\" content=\"Sobre n\u00f3s - Gesthispania\" \/>\n<meta property=\"og:description\" content=\"Gesthispania Trabajamos desde 1999 al lado de nuestros clientes del sector de la movilidad, brind\u00e1ndoles servicios administrativos de gestor\u00eda de veh\u00edculos y gesti\u00f3n de multas.\" \/>\n<meta property=\"og:url\" content=\"https:\/\/gesthispania.com\/pt-pt\/sobre-nos\/\" \/>\n<meta property=\"og:site_name\" content=\"Gesthispania\" \/>\n<meta property=\"article:modified_time\" content=\"2023-11-08T17:36:28+00:00\" \/>\n<meta property=\"og:image\" content=\"https:\/\/gesthispania.es\/wp-content\/uploads\/2023\/07\/tipos-clientes.png\" \/>\n<meta name=\"twitter:card\" content=\"summary_large_image\" \/>\n<meta name=\"twitter:label1\" content=\"Tempo estimado de leitura\" \/>\n\t<meta name=\"twitter:data1\" content=\"1 minuto\" \/>\n<script type=\"application\/ld+json\" class=\"yoast-schema-graph\">{\"@context\":\"https:\/\/schema.org\",\"@graph\":[{\"@type\":\"WebPage\",\"@id\":\"https:\/\/gesthispania.com\/pt-pt\/sobre-nos\/\",\"url\":\"https:\/\/gesthispania.com\/pt-pt\/sobre-nos\/\",\"name\":\"Sobre n\u00f3s - Gesthispania\",\"isPartOf\":{\"@id\":\"https:\/\/gesthispania.com\/pt-pt\/#website\"},\"primaryImageOfPage\":{\"@id\":\"https:\/\/gesthispania.com\/pt-pt\/sobre-nos\/#primaryimage\"},\"image\":{\"@id\":\"https:\/\/gesthispania.com\/pt-pt\/sobre-nos\/#primaryimage\"},\"thumbnailUrl\":\"https:\/\/gesthispania.es\/wp-content\/uploads\/2023\/07\/tipos-clientes.png\",\"datePublished\":\"2023-02-23T12:58:51+00:00\",\"dateModified\":\"2023-11-08T17:36:28+00:00\",\"description\":\"Gesthispania Trabajamos desde 1999 al lado de nuestros clientes del sector de la movilidad, brind\u00e1ndoles servicios administrativos de gestor\u00eda de veh\u00edculos y gesti\u00f3n de multas.\",\"inLanguage\":\"pt-PT\",\"potentialAction\":[{\"@type\":\"ReadAction\",\"target\":[\"https:\/\/gesthispania.com\/pt-pt\/sobre-nos\/\"]}]},{\"@type\":\"ImageObject\",\"inLanguage\":\"pt-PT\",\"@id\":\"https:\/\/gesthispania.com\/pt-pt\/sobre-nos\/#primaryimage\",\"url\":\"https:\/\/gesthispania.es\/wp-content\/uploads\/2023\/07\/tipos-clientes.png\",\"contentUrl\":\"https:\/\/gesthispania.es\/wp-content\/uploads\/2023\/07\/tipos-clientes.png\"},{\"@type\":\"WebSite\",\"@id\":\"https:\/\/gesthispania.com\/pt-pt\/#website\",\"url\":\"https:\/\/gesthispania.com\/pt-pt\/\",\"name\":\"Gesthispania\",\"description\":\"Sanciones de tr\u00e1fico y tr\u00e1mites de gestor\u00eda\",\"publisher\":{\"@id\":\"https:\/\/gesthispania.com\/pt-pt\/#organization\"},\"potentialAction\":[{\"@type\":\"SearchAction\",\"target\":{\"@type\":\"EntryPoint\",\"urlTemplate\":\"https:\/\/gesthispania.com\/pt-pt\/?s={search_term_string}\"},\"query-input\":{\"@type\":\"PropertyValueSpecification\",\"valueRequired\":true,\"valueName\":\"search_term_string\"}}],\"inLanguage\":\"pt-PT\"},{\"@type\":\"Organization\",\"@id\":\"https:\/\/gesthispania.com\/pt-pt\/#organization\",\"name\":\"Gesthispania\",\"url\":\"https:\/\/gesthispania.com\/pt-pt\/\",\"logo\":{\"@type\":\"ImageObject\",\"inLanguage\":\"pt-PT\",\"@id\":\"https:\/\/gesthispania.com\/pt-pt\/#\/schema\/logo\/image\/\",\"url\":\"https:\/\/gesthispania.com\/wp-content\/uploads\/2023\/10\/Logo_horizontal_positivo.svg\",\"contentUrl\":\"https:\/\/gesthispania.com\/wp-content\/uploads\/2023\/10\/Logo_horizontal_positivo.svg\",\"caption\":\"Gesthispania\"},\"image\":{\"@id\":\"https:\/\/gesthispania.com\/pt-pt\/#\/schema\/logo\/image\/\"}}]}<\/script>\n<!-- \/ Yoast SEO plugin. -->","yoast_head_json":{"title":"Sobre n\u00f3s - Gesthispania","description":"Gesthispania Trabajamos desde 1999 al lado de nuestros clientes del sector de la movilidad, brind\u00e1ndoles servicios administrativos de gestor\u00eda de veh\u00edculos y gesti\u00f3n de multas.","robots":{"index":"index","follow":"follow","max-snippet":"max-snippet:-1","max-image-preview":"max-image-preview:large","max-video-preview":"max-video-preview:-1"},"canonical":"https:\/\/gesthispania.com\/pt-pt\/sobre-nos\/","og_locale":"pt_PT","og_type":"article","og_title":"Sobre n\u00f3s - Gesthispania","og_description":"Gesthispania Trabajamos desde 1999 al lado de nuestros clientes del sector de la movilidad, brind\u00e1ndoles servicios administrativos de gestor\u00eda de veh\u00edculos y gesti\u00f3n de multas.","og_url":"https:\/\/gesthispania.com\/pt-pt\/sobre-nos\/","og_site_name":"Gesthispania","article_modified_time":"2023-11-08T17:36:28+00:00","og_image":[{"url":"https:\/\/gesthispania.es\/wp-content\/uploads\/2023\/07\/tipos-clientes.png","type":"","width":"","height":""}],"twitter_card":"summary_large_image","twitter_misc":{"Tempo estimado de leitura":"1 minuto"},"schema":{"@context":"https:\/\/schema.org","@graph":[{"@type":"WebPage","@id":"https:\/\/gesthispania.com\/pt-pt\/sobre-nos\/","url":"https:\/\/gesthispania.com\/pt-pt\/sobre-nos\/","name":"Sobre n\u00f3s - Gesthispania","isPartOf":{"@id":"https:\/\/gesthispania.com\/pt-pt\/#website"},"primaryImageOfPage":{"@id":"https:\/\/gesthispania.com\/pt-pt\/sobre-nos\/#primaryimage"},"image":{"@id":"https:\/\/gesthispania.com\/pt-pt\/sobre-nos\/#primaryimage"},"thumbnailUrl":"https:\/\/gesthispania.es\/wp-content\/uploads\/2023\/07\/tipos-clientes.png","datePublished":"2023-02-23T12:58:51+00:00","dateModified":"2023-11-08T17:36:28+00:00","description":"Gesthispania Trabajamos desde 1999 al lado de nuestros clientes del sector de la movilidad, brind\u00e1ndoles servicios administrativos de gestor\u00eda de veh\u00edculos y gesti\u00f3n de multas.","inLanguage":"pt-PT","potentialAction":[{"@type":"ReadAction","target":["https:\/\/gesthispania.com\/pt-pt\/sobre-nos\/"]}]},{"@type":"ImageObject","inLanguage":"pt-PT","@id":"https:\/\/gesthispania.com\/pt-pt\/sobre-nos\/#primaryimage","url":"https:\/\/gesthispania.es\/wp-content\/uploads\/2023\/07\/tipos-clientes.png","contentUrl":"https:\/\/gesthispania.es\/wp-content\/uploads\/2023\/07\/tipos-clientes.png"},{"@type":"WebSite","@id":"https:\/\/gesthispania.com\/pt-pt\/#website","url":"https:\/\/gesthispania.com\/pt-pt\/","name":"Gesthispania","description":"Sanciones de tr\u00e1fico y tr\u00e1mites de gestor\u00eda","publisher":{"@id":"https:\/\/gesthispania.com\/pt-pt\/#organization"},"potentialAction":[{"@type":"SearchAction","target":{"@type":"EntryPoint","urlTemplate":"https:\/\/gesthispania.com\/pt-pt\/?s={search_term_string}"},"query-input":{"@type":"PropertyValueSpecification","valueRequired":true,"valueName":"search_term_string"}}],"inLanguage":"pt-PT"},{"@type":"Organization","@id":"https:\/\/gesthispania.com\/pt-pt\/#organization","name":"Gesthispania","url":"https:\/\/gesthispania.com\/pt-pt\/","logo":{"@type":"ImageObject","inLanguage":"pt-PT","@id":"https:\/\/gesthispania.com\/pt-pt\/#\/schema\/logo\/image\/","url":"https:\/\/gesthispania.com\/wp-content\/uploads\/2023\/10\/Logo_horizontal_positivo.svg","contentUrl":"https:\/\/gesthispania.com\/wp-content\/uploads\/2023\/10\/Logo_horizontal_positivo.svg","caption":"Gesthispania"},"image":{"@id":"https:\/\/gesthispania.com\/pt-pt\/#\/schema\/logo\/image\/"}}]}},"_links":{"self":[{"href":"https:\/\/gesthispania.com\/pt-pt\/wp-json\/wp\/v2\/pages\/9306","targetHints":{"allow":["GET"]}}],"collection":[{"href":"https:\/\/gesthispania.com\/pt-pt\/wp-json\/wp\/v2\/pages"}],"about":[{"href":"https:\/\/gesthispania.com\/pt-pt\/wp-json\/wp\/v2\/types\/page"}],"author":[{"embeddable":true,"href":"https:\/\/gesthispania.com\/pt-pt\/wp-json\/wp\/v2\/users\/1"}],"replies":[{"embeddable":true,"href":"https:\/\/gesthispania.com\/pt-pt\/wp-json\/wp\/v2\/comments?post=9306"}],"version-history":[{"count":10,"href":"https:\/\/gesthispania.com\/pt-pt\/wp-json\/wp\/v2\/pages\/9306\/revisions"}],"predecessor-version":[{"id":9321,"href":"https:\/\/gesthispania.com\/pt-pt\/wp-json\/wp\/v2\/pages\/9306\/revisions\/9321"}],"wp:attachment":[{"href":"https:\/\/gesthispania.com\/pt-pt\/wp-json\/wp\/v2\/media?parent=9306"}],"curies":[{"name":"wp","href":"https:\/\/api.w.org\/{rel}","templated":true}]}}